{"id":2434,"date":"2016-01-19T12:45:39","date_gmt":"2016-01-19T12:45:39","guid":{"rendered":"http:\/\/summercampforchambermusic.me\/faq\/"},"modified":"2018-11-29T08:18:37","modified_gmt":"2018-11-29T08:18:37","slug":"faq","status":"publish","type":"page","link":"https:\/\/summercampforchambermusic.me\/en\/faq\/","title":{"rendered":"Q&#038;A"},"content":{"rendered":"<div class=\"wpb-content-wrapper\"><p>[vc_row css=&#8221;.vc_custom_1453207500276{margin-bottom: 20px !important;}&#8221;][vc_column][vc_custom_heading text=&#8221; Questions &amp; Answers&#8221; font_container=&#8221;tag:h2|text_align:center&#8221; use_theme_fonts=&#8221;yes&#8221; el_class=&#8221;title&#8221;][\/vc_column][\/vc_row][vc_row el_class=&#8221;faq-block&#8221;][vc_column][vc_column_text]<div class=\"faq-container\"><div class=\"vc_toggle vc_toggle_default vc_toggle_color_default  vc_toggle_size_md \"><div class=\"vc_toggle_title\"><h4>Where is the location of the Summer Camp for Chamber Music?<\/h4><i class=\"vc_toggle_icon\"><\/i><\/div><div class=\"vc_toggle_content\"><p class=\"faq-content\">The summer camp is held at Ivanova Korita, at the foot of Mount Lov\u0107en, near the old Montenegrin capital city of Cetinje. Ivanova Korita, at an altitude of 1200 meters (4,000 feet), is a popular year-round touristic facility in the Lov\u0107en National Park.\r\n\r\nIvanova Korita is 12 km (7 miles) from Cetinje and roughy 45 km (28 miles) from both Podgorica, Montenegro\u2019s capital and largest city, and Budva, the country\u2019s most visited resort city on the Adriatic Sea.\r\n\r\nMore information can be found at: <a href=\"http:\/\/nparkovi.me\/sajt\/np-lovcen\">http:\/\/nparkovi.me\/sajt\/np-lovcen<\/a><\/p><\/div><\/div><div class=\"vc_toggle vc_toggle_default vc_toggle_color_default  vc_toggle_size_md \"><div class=\"vc_toggle_title\"><h4>Where are the camp participants\u2019 lodgings?<\/h4><i class=\"vc_toggle_icon\"><\/i><\/div><div class=\"vc_toggle_content\"><p class=\"faq-content\">Participants lodge at Ivanova Korita. Everything \u2013 sleeping, eating, music making -- is within walking distance.\r\n\r\nFor lodging, there are two options. The majority of participants stay in a hostel-like facility -- in the Recreational-Educational Center Lov\u0107en, which is under the management of JU Lov\u0107en-Be\u010di\u0107i. Other participants prefer to lodge in the hotel that is on the grounds of Ivanova Korita; reservations are required, and it is crucial to inquire well in advance, as summertime is the hotel\u2019s peak season.\r\n\r\nMost participants take their meals in the dining hall at the Recreational-Educational Center, but anyone can eat at the hotel, paying out of pocket, regardless of whether they are lodging there. Alcoholic beverages are available at the hotel but not at the Recreational-Educational Center.\r\n\r\nMore information can be found at: <a href=\"http:\/\/www.ivanovakorita.com\/me\/rekreativno-edukativni-centar\/ and https:\/\/ivanov-konak-me.book.direct\/en-us\">http:\/\/www.ivanovakorita.com\/me\/rekreativno-edukativni-centar\/ and https:\/\/ivanov-konak-me.book.direct\/en-us<\/a><\/p><\/div><\/div><div class=\"vc_toggle vc_toggle_default vc_toggle_color_default  vc_toggle_size_md \"><div class=\"vc_toggle_title\"><h4>When is the Summer Camp for Chamber Music?<\/h4><i class=\"vc_toggle_icon\"><\/i><\/div><div class=\"vc_toggle_content\"><p class=\"faq-content\">Our camp is held during the summer. The dates vary, depending on agreement with JU Lov\u0107en-Becici, which hosts other groups at Ivanova Korita during the summer. Camp dates are announced at the end of January. Heretofore, our camp has typically taken place at the end of July or early August.<\/p><\/div><\/div><div class=\"vc_toggle vc_toggle_default vc_toggle_color_default  vc_toggle_size_md \"><div class=\"vc_toggle_title\"><h4>When does registration start?<\/h4><i class=\"vc_toggle_icon\"><\/i><\/div><div class=\"vc_toggle_content\"><p class=\"faq-content\">Registration starts in January or February, after we announce the dates for the summer. The application process is easy: on our website and Facebook page we publish an application form for interested participants. The deadline for applications is May 31st. Because the number of participants is limited, we give consideration to early applications.<\/p><\/div><\/div><div class=\"vc_toggle vc_toggle_default vc_toggle_color_default  vc_toggle_size_md \"><div class=\"vc_toggle_title\"><h4>Do participants form their own groups and choose their own music?<\/h4><i class=\"vc_toggle_icon\"><\/i><\/div><div class=\"vc_toggle_content\"><p class=\"faq-content\">That is a possibility, and participants should indicate their preferences as part of their application. The default procedure, though, is for the camp coaches to assign participants to specific pieces with specific players.\r\n\r\nThe expectation is that all participants will play in the chamber orchestra.\r\n\r\nCamp tradition has been that participants present two concerts for the public at the end of the week. That is, participants perform the works of chamber music that they have been studying with their coaches, as well as the works for chamber orchestra they have rehearsed under the direction of the orchestra\u2019s conductor. One concert is typically in Cetinje; the other is in Podgorica, on the final day of camp. Podgorica is the hub for all travel to and from Montenegro.\r\n\r\nTo register for camp, there is no audition required, nor are interested participants obliged to send in a tape or a video. The application does give to the interested participant the opportunity to describe their level and their previous experience.<\/p><\/div><\/div><div class=\"vc_toggle vc_toggle_default vc_toggle_color_default  vc_toggle_size_md \"><div class=\"vc_toggle_title\"><h4>When will interested participants be informed about admission?<\/h4><i class=\"vc_toggle_icon\"><\/i><\/div><div class=\"vc_toggle_content\"><p class=\"faq-content\">We confirm the attendance 7-10 days after the application deadline.<\/p><\/div><\/div><div class=\"vc_toggle vc_toggle_default vc_toggle_color_default  vc_toggle_size_md \"><div class=\"vc_toggle_title\"><h4>What is the age limit for summer camp students?<\/h4><i class=\"vc_toggle_icon\"><\/i><\/div><div class=\"vc_toggle_content\"><p class=\"faq-content\"><!-- wp:paragraph -->\n<p>Musicians of 16 years can apply for the camp; there is no upper limit.<\/p>\n<!-- \/wp:paragraph --><\/p><\/div><\/div><div class=\"vc_toggle vc_toggle_default vc_toggle_color_default  vc_toggle_size_md \"><div class=\"vc_toggle_title\"><h4>Whom can I contact with further questions?<\/h4><i class=\"vc_toggle_icon\"><\/i><\/div><div class=\"vc_toggle_content\"><p class=\"faq-content\">Please direct questions to e-mail: <a href=\"mailto:ljetnjikamp2014@gmail.com\">ljetnjikamp2014@gmail.com<\/a> Also, please look at the \u201c<a href=\"http:\/\/summercampforchambermusic.me\/en\/about-us\/\">About Us<\/a>\u201d tab on our website.<\/p><\/div><\/div><\/div>[\/vc_column_text][\/vc_column][\/vc_row]<\/p>\n<\/div>","protected":false},"excerpt":{"rendered":"<p>[vc_row css=&#8221;.vc_custom_1453207500276{margin-bottom: 20px !important;}&#8221;][vc_column][vc_custom_heading text=&#8221; Questions &amp; Answers&#8221; font_container=&#8221;tag:h2|text_align:center&#8221; use_theme_fonts=&#8221;yes&#8221; el_class=&#8221;title&#8221;][\/vc_column][\/vc_row][vc_row el_class=&#8221;faq-block&#8221;][vc_column][vc_column_text][\/vc_column_text][\/vc_column][\/vc_row]<\/p>\n","protected":false},"author":1,"featured_media":0,"parent":0,"menu_order":0,"comment_status":"closed","ping_status":"closed","template":"","meta":{"_acf_changed":false,"footnotes":""},"class_list":["post-2434","page","type-page","status-publish","hentry"],"acf":[],"_links":{"self":[{"href":"https:\/\/summercampforchambermusic.me\/en\/wp-json\/wp\/v2\/pages\/2434","targetHints":{"allow":["GET"]}}],"collection":[{"href":"https:\/\/summercampforchambermusic.me\/en\/wp-json\/wp\/v2\/pages"}],"about":[{"href":"https:\/\/summercampforchambermusic.me\/en\/wp-json\/wp\/v2\/types\/page"}],"author":[{"embeddable":true,"href":"https:\/\/summercampforchambermusic.me\/en\/wp-json\/wp\/v2\/users\/1"}],"replies":[{"embeddable":true,"href":"https:\/\/summercampforchambermusic.me\/en\/wp-json\/wp\/v2\/comments?post=2434"}],"version-history":[{"count":4,"href":"https:\/\/summercampforchambermusic.me\/en\/wp-json\/wp\/v2\/pages\/2434\/revisions"}],"predecessor-version":[{"id":2829,"href":"https:\/\/summercampforchambermusic.me\/en\/wp-json\/wp\/v2\/pages\/2434\/revisions\/2829"}],"wp:attachment":[{"href":"https:\/\/summercampforchambermusic.me\/en\/wp-json\/wp\/v2\/media?parent=2434"}],"curies":[{"name":"wp","href":"https:\/\/api.w.org\/{rel}","templated":true}]}}